{"id":82,"date":"2010-02-23T06:36:51","date_gmt":"2010-02-23T06:36:51","guid":{"rendered":"http:\/\/65.111.176.31\/?page_id=82"},"modified":"2025-12-13T17:43:29","modified_gmt":"2025-12-13T15:43:29","slug":"book-presentations","status":"publish","type":"page","link":"https:\/\/rsijournal.eu\/?page_id=82","title":{"rendered":"Book Reviews"},"content":{"rendered":"<p><span style=\"text-decoration: underline;\">2025<\/span><\/p>\n<p><a href=\"https:\/\/rsijournal.eu\/wp-content\/uploads\/BOOK.2025.12.2.pdf\">The Thematic Encyclopedia of Regional Science<\/a> Edited by Peter Nijkamp, Karima Kourtit, Kingsley E. Haynes, and Zeynep Elburz , Book Review by Dimitrios Tsiotas, Assistant Professor, RSI J<\/p>\n<p><a href=\"https:\/\/rsijournal.eu\/wp-content\/uploads\/BOOK.2025.12.1.pdf\">Technology Adoption and Social Issues: Concepts, Methodologies, Tools, and Applications <\/a>2018 | Edited by IGI Global, Book Review by Dimitrios Tsiotas, Assistant Professor, RSI J<\/p>\n<p><a href=\"https:\/\/rsijournal.eu\/wp-content\/uploads\/BOOK.2025.06.1.pdf\">Regional Policy: Theory and Practice<\/a> by Ugo Fratesi, Routledge, Book Review by Dimitrios Tsiotas, Assistant Professor, RSI J<\/p>\n<p><a href=\"https:\/\/rsijournal.eu\/wp-content\/uploads\/BOOK.2025.06.2.pdf\">Dynamics of Regional Growth in Europe: Social and Political Factors<\/a> by Andr\u00e9s Rodr\u00edguez-Pose, Oxford University Press, Book Review by Dimitrios Tsiotas, Assistant Professor, RSI J<\/p>\n<p><span style=\"text-decoration: underline;\">2024<\/span><\/p>\n<p><a href=\"https:\/\/rsijournal.eu\/wp-content\/uploads\/BOOK.2024.06.1.pdf\">Law and Sustainability: Perspectives for Lithuania and Beyond<\/a> by Alessio Bartolacelli and Dovil\u0117 Sagatien\u0117, Book Review by Filipos RUXHO, Assistant Professor &#8211; RSI J<\/p>\n<p><a href=\"https:\/\/rsijournal.eu\/wp-content\/uploads\/BOOK.2024.06.2.pdf\">Sustainable Regional Development Scientific Journal, SRDS J<\/a>, On behalf of the Editorial Board of SRDS Journal, Chief Executive: MSc. Alberina HAMITI, Pedagogical Psychologist<\/p>\n<p><span style=\"text-decoration: underline;\">2023<\/span><\/p>\n<p><a href=\"http:\/\/www.rsijournal.eu\/wp-content\/uploads\/BOOK.2023.12.1.pdf\">Report on the outcome of 2021-2027 Cohesion Policy programming, 02 May 2023, <\/a>, Report Review by Dimitrios Tsiotas, Assistant Professor, RSI J<\/p>\n<p><a href=\"http:\/\/www.rsijournal.eu\/wp-content\/uploads\/BOOK.2023.12.2.pdf\">The Web Book of Regional Science: Classics in Regional Science | West Virginia University, Regional Research Institute.<\/a> Book Review by Dimitrios Tsiotas, Assistant Professor, RSI J<\/p>\n<p><a href=\"http:\/\/www.rsijournal.eu\/wp-content\/uploads\/BOOK.2023.06.1.pdf\">Empirical Regional Economics, Economic Base Theory, Models and Applications, <\/a>, Edited By by Richard S. Conway Jr. Book Review by Dimitrios Tsiotas, Assistant Professor, RSI J<\/p>\n<p><a href=\"http:\/\/www.rsijournal.eu\/wp-content\/uploads\/BOOK.2023.06.2.pdf\">Regional Economic Development, Analysis, and Planning Strategy <\/a> Edited By Robert J. Stimson, Roger R. Stough, and Brian H. Roberts. Book Review by Dimitrios Tsiotas, Assistant Professor, RSI J<\/p>\n<p><span style=\"text-decoration: underline;\">2022<\/span><\/p>\n<p><a href=\"http:\/\/www.rsijournal.eu\/wp-content\/uploads\/BOOK.2022.12.1.pdf\">Economies, Institutions, and Territories. Dissecting Nexuses in a Changing World<\/a>, Edited By Luca Storti, Giulia Urso, and Neil Reid. Book Review by Dimitrios Tsiotas, Assistant Professor, RSI J<\/p>\n<p><a href=\"http:\/\/www.rsijournal.eu\/wp-content\/uploads\/BOOK.2022.12.2.pdf\">Population Change and Impacts in Asia and the Pacific <\/a> Edited By Jacques Poot and Matthew Roskruge. Book Review by Dimitrios Tsiotas, Assistant Professor, RSI J<\/p>\n<p><a href=\"http:\/\/www.rsijournal.eu\/wp-content\/uploads\/BOOK.2022.12.3.pdf\">Crisis Management in Tourist Industry, <\/a>,Edited By Christof Pforr, Peter Hosie, Dimitrios P. Stergiou, George M. Agiomirgianakis, and Angeliki N. Menegaki [in Greek]. Book Review by Dimitrios Tsiotas, Assistant Professor, RSI J<\/p>\n<p><a href=\"http:\/\/www.rsijournal.eu\/wp-content\/uploads\/BOOK.2022.06.1.pdf\">Handbook on Regional Economic Resilience, <\/a>,Edited by Gillian Bristow and Adrian Healy, published by Edward Elgar. Book Review by Dimitrios Tsiotas, Ph.D., RSI J<\/p>\n<p><a href=\"http:\/\/www.rsijournal.eu\/wp-content\/uploads\/BOOK.2022.06.2.pdf\">Natural Resource Management and Sustainable Development<\/a>,by Serafeim Polyzos, Tziolas Publishing [in Greek]. Book Review by Dimitrios Tsiotas, Ph.D., RSI J<\/p>\n<p><span style=\"text-decoration: underline;\">2021<\/span><\/p>\n<p><a href=\"http:\/\/www.rsijournal.eu\/wp-content\/uploads\/book.12.2021.1.pdf\">Complexity and Spatial Networks In Search of Simplicity<\/a>,Edited by Aura Reggiani and Peter Nijkamp, published by Springer. Book Review by Dimitrios Tsiotas, Ph.D., RSI J<\/p>\n<p><a href=\"http:\/\/www.rsijournal.eu\/wp-content\/uploads\/book.06.2021.1.pdf\">The American Economic Review<\/a>, Vol.111, No.3, March 2021. Book Review by Dimitrios Tsiotas, Ph.D., RSI J<\/p>\n<p><span style=\"text-decoration: underline;\">2020<\/span><\/p>\n<p>Cesar Ducruet <a href=\"http:\/\/www.rsijournal.eu\/wp-content\/uploads\/book.12.2020.1.pdf\">Maritime Networks, Spatial structures and time dynamics<\/a> Book Review by Dimitrios Tsiotas, Ph.D., RSI J<\/p>\n<p>Jean-Paul Rodrigue <a href=\"http:\/\/www.rsijournal.eu\/wp-content\/uploads\/book.12.2020.2.pdf\">The Geography of Transport Systems<\/a> Book Review by Dimitrios Tsiotas, Ph.D., RSI J<\/p>\n<p><span style=\"text-decoration: underline;\">2018<\/span><\/p>\n<p>Michael Hoyler, Christof Parnreiter, and Allan Watson : <a href=\"http:\/\/www.rsijournal.eu\/wp-content\/uploads\/Book.Review.12.2018.1.pdf\">Global City Makers &#8211; Economic Actors and Practices in the World City Network<\/a> Book Review by Dr. Christos Genitsaropoulos, Technological Education Institute of Sterea Ellada, Greece<\/p>\n<p>Nicola Francesco Dotti : <a href=\"http:\/\/www.rsijournal.eu\/wp-content\/uploads\/Book.Review.12.2018.2.pdf\">Knowledge, Policymaking and Learning for European Cities and Regions. From Research to Practice<\/a> Book Review by Dr. Christos Genitsaropoulos, Technological Education Institute of Sterea Ellada, Greece<\/p>\n<p>Patrizio Bianchi and Sandrine Labory : <a href=\"http:\/\/www.rsijournal.eu\/wp-content\/uploads\/Book.Review.07.2018.1.pdf\">Industrial Policy for the Manufacturing Revolution. Perspectives on Digital Globalisation<\/a> Book Review by Dr. Christos Genitsaropoulos, RSI Journal<\/p>\n<p>Urban Gr\u00e5sj\u00f6, Charlie Karlsson, Ir\u00e9ne Bernhard: <a href=\"http:\/\/www.rsijournal.eu\/wp-content\/uploads\/Book.Review.07.2018.2.pdf\">Geography, Open Innovation and Entrepreneurship<\/a> Book Review by Dr. Christos Genitsaropoulos, RSI Journal<\/p>\n<p>Laurie A. Schintler, Zhenhua Chen (Editors): <a href=\"http:\/\/www.rsijournal.eu\/wp-content\/uploads\/Book.Review.06.2018.1.pdf\">Big Data for Regional Science<\/a> Book Review by Dr. Christos Genitsaropoulos, RSI Journal<\/p>\n<p>Hans Westlund and Johan Larsson (Editors): <a href=\"http:\/\/www.rsijournal.eu\/wp-content\/uploads\/Book.Review.06.2018.2.pdf\">Handbook of Social Capital and Regional Development<\/a> Book Review by Dr. Christos Genitsaropoulos, RSI Journal<\/p>\n<p><span style=\"text-decoration: underline;\">2017<\/span><\/p>\n<p>Roberta Capello: <a href=\"http:\/\/www.rsijournal.eu\/wp-content\/uploads\/Book.Review.12.2017.1.pdf\">Regional Economics (Second Edition)<\/a> Book Review by Christos Genitsaropoulos, RSI Journal<\/p>\n<p>Yanrui Wu, Fukunari Kimura, Xunpeng Shi: <a href=\"http:\/\/www.rsijournal.eu\/wp-content\/uploads\/Book.Review.12.2017.2.pdf\">Energy Market Integration in East Asia: Deepening Understanding and Moving Forward (1st Edition)<\/a> Book Review by Christos Genitsaropoulos, RSI Journal<\/p>\n<p>George M. Korres, Elias Kourliouros and Maria P. Michailidis: <a href=\"http:\/\/www.rsijournal.eu\/wp-content\/uploads\/Book.Review.06.2017.1.pdf\">Handbook of Research on Policies and Practices for Sustainable Economic Growth and Regional Development<\/a> Book Review by Associate Professor Dr. Aikaterini Kokkinou, RSI Journal<\/p>\n<p>Poot Jacques and Roskruge Matthew: <a href=\"http:\/\/www.rsijournal.eu\/wp-content\/uploads\/Book.Review.06.2017.1.pdf\">Population Change and Impacts in Asia and the Pacific<\/a> Book Review by Christos Genitsaropoulos, RSI Journal<\/p>\n<p>Jackson Randall and Schaeffer Peter: <a href=\"http:\/\/www.rsijournal.eu\/wp-content\/uploads\/Book.Review.06.2017.2.pdf\">Regional Research Frontiers &#8211; Vol. 1 Innovations, Regional Growth and Migration<\/a> Book Review by Christos Genitsaropoulos, RSI Journal<\/p>\n<p>Jackson Randall and Schaeffer Peter: <a href=\"http:\/\/www.rsijournal.eu\/wp-content\/uploads\/Book.Review.06.2017.2.pdf\">Regional Research Frontiers &#8211; Vol. 2 Methodological Advances, Regional Systems Modeling and Open Sciences<\/a> Book Review by Christos Genitsaropoulos, RSI Journal<\/p>\n<p>Robert J. Gordon: <a href=\"http:\/\/www.rsijournal.eu\/wp-content\/uploads\/Book.Review.06.2017.3.pdf\">The Rise and Fall of American Growth: The U.S. Standard of Living since the Civil War <\/a> Book Review by Christos Genitsaropoulos, RSI Journal<\/p>\n<p>Dimitrios Lagos: <a href=\"http:\/\/www.rsijournal.eu\/wp-content\/uploads\/Book.Review.06.2017.3.pdf\">Theoretical approaches in Tourism<\/a> Book Review by Dr. Eleni N. Stamatiou, RSI Journal<\/p>\n<p>Stella Kyvelou (assiduity) &#8211; collective work: <a href=\"http:\/\/www.rsijournal.eu\/wp-content\/uploads\/Book.Review.06.2017.4.pdf\">Maritime Spatial Issues<\/a> Book Review by Dr. Eleni N. Stamatiou, RSI Journal<\/p>\n<p><span style=\"text-decoration: underline;\">2016<\/span><\/p>\n<p>Tohru Naito: <a href=\"http:\/\/www.rsijournal.eu\/wp-content\/uploads\/Book.Review.12.2016.1.pdf\">Sustainable Growth and Development in a Regional Economy<\/a> Book Review by Christos Genitsaropoulos, Technological Education Institute (T.E.I.) of Sterea Ellada, Greece<\/p>\n<p>Sotiris M. Chatzigakis, Michael S. Chatzigakis: <a href=\"http:\/\/www.rsijournal.eu\/wp-content\/uploads\/Book.Review.12.2016.2.pdf\">China 1978-2008: the rebirth of the dragon<\/a> Book Review by Nikiforos Chatzigakis<\/p>\n<p>Steve Forbes, Elizabeth Ames: <a href=\"http:\/\/www.rsijournal.eu\/wp-content\/uploads\/Book.Review.06.2016.1.pdf\">Money: How the Destruction of the Dollar Threatens the Global Economy &#8211; and What We Can Do About It <\/a> Book Review by Doc.Dr. Antoneta POLO,RSI Journal editor<\/p>\n<p>Katsoni Vicky, Stratigea Anastasia: <a href=\"http:\/\/www.rsijournal.eu\/wp-content\/uploads\/Book.Review.06.2016.2.pdf\">Tourism and Culture in the Age of Innovation<\/a> Book Review by Doc. Dr. Antoneta POLO, RSI Journal editor<\/p>\n<p><span style=\"text-decoration: underline;\">2015<\/span><\/p>\n<p>Nouriel Roubini and Stephen Mihm: <a href=\"http:\/\/www.rsijournal.eu\/wp-content\/uploads\/Book.Review.12.2015.1.pdf\">Crisis Economics<\/a> Book Review by Doc.Dr. Antoneta POLO,RSI Journal editor<\/p>\n<p>Thomas Sowell: <a href=\"http:\/\/www.rsijournal.eu\/wp-content\/uploads\/Book.Review.12.2015.2.pdf\">Basic Economics: A Common Sense Guide To The Economy<\/a> Book Review by Prof.Asoc.Dr. Enkela CACA, RSI Journal editor<\/p>\n<p>Fumikazu Yoshida, Akihisa Mori: <a href=\"http:\/\/www.rsijournal.eu\/wp-content\/uploads\/Book.Review.06.2015.1.pdf\">Green Growth and Low Carbon Development in East Asia <\/a> Book Review by Doc.Dr. Antoneta POLO,RSI Journal editor<\/p>\n<p>OECD : <a href=\"http:\/\/www.rsijournal.eu\/wp-content\/uploads\/Book.Review.06.2015.2.pdf\">Economic Outlook for Southeast Asia, China and India 2015 Strengthening Institutional Capacity <\/a> Book Review by Prof.Asoc.Dr. Enkela CACA, RSI Journal editor<\/p>\n<p><span style=\"text-decoration: underline;\">2014<\/span><\/p>\n<p>Emmanuel V. Marmaras: <a href=\"http:\/\/www.rsijournal.eu\/wp-content\/uploads\/Book.Review.12.2014.1.pdf\">Planning London for the Post-War Era 1945-1960<\/a>Book review by Professor Dr. George M. Korres,Department of Geography, University of the Aegean<\/p>\n<p>Prodromos Prodromidis: <a href=\"http:\/\/www.rsijournal.eu\/wp-content\/uploads\/Book.Review.12.2014.2.pdf\">The Evolution of Personal Incomes Across Greece: 2001-2008<\/a>Book review by Dr. Dr. Aikaterini Kokkinou, University of the Aegean<\/p>\n<p>Nicola Phillips: <a href=\"http:\/\/www.rsijournal.eu\/wp-content\/uploads\/Book-Review-6.2014_1.pdf\">The Southern Cone Model<\/a><\/p>\n<p><a href=\"http:\/\/www.rsijournal.eu\/wp-content\/uploads\/Book-Review-6.2014_1.pdf\">The Political Economy of Regional Capitalist Development in Latin America<\/a>Book review by Dr. Aikaterini Kokkinou, University of the Aegean<\/p>\n<p>Susumu Egashiru: <a href=\"http:\/\/www.rsijournal.eu\/wp-content\/uploads\/Book-Review-6.2014_2.pdf\">Globalism and Regional Economy<\/a><\/p>\n<p>Book review by Dr. Aikaterini Kokkinou, University of the Aegean<\/p>\n<p><span style=\"text-decoration: underline;\">2013<\/span><\/p>\n<p>Philip McCann: <a href=\"http:\/\/www.rsijournal.eu\/wp-content\/uploads\/Book_Review_06_20131.pdf\">Modern Urban and Regional Economics<\/a><\/p>\n<p><a href=\"http:\/\/www.rsijournal.eu\/wp-content\/uploads\/Book_Review_06_20131.pdf\">Second Edition<\/a>Book Review by Vasilis Avdikos University Central Greece<\/p>\n<p>Ulrich Volz:<a href=\"http:\/\/www.rsijournal.eu\/wp-content\/uploads\/Book_Review_06_20132.pdf\">Regional Integration, Economic Development And Global Governance<\/a>Book review by Vasilis Avdikos University Central Greece<\/p>\n<p>McMillen, Daniel P.: <a href=\"http:\/\/www.rsijournal.eu\/wp-content\/uploads\/BookReview_1_RSI_V2.2013.pdf\">Quantile Regression for Spatial Data. <\/a>Book Review by Nikolaos Hasanaga, Aristotle University of Thessaloniki<\/p>\n<p>Dan Czamanski, Itzhak Benenson, Dan Malkinson (Eds.): <a href=\"http:\/\/www.rsijournal.eu\/wp-content\/uploads\/BookReview_2_RSI_V2.2013.pdf\">Modeling of Land-Use and Ecological Dynamics.<\/a> Book review by Nikolaos Hasanagas, Aristotle University of Thessaloniki<\/p>\n<p><span style=\"text-decoration: underline;\">2012<\/span><\/p>\n<p>Karasavvoglou, Anastasios, Polychronidou Persefoni:<a href=\"..\/ARTICLES\/NEWS\/Book Reviews\/Book_Review_Vol.IV.(2).2012_2.pdf\" target=\"_blank\" rel=\"noopener\">Balkan and Eastern European Countries in the Midst of the Global Economic Crisis.<\/a> Presentation by Maria St. Karagianni, RSI Journal<\/p>\n<p>Stilianos Alexiadis:<a href=\"..\/ARTICLES\/NEWS\/Book Reviews\/Book_Review_Vol.IV.(2).2012_1.pdf\" target=\"_blank\" rel=\"noopener\">Convergence Clubs and Spatial Externalities: Models and Applications of Regional Convergence in Europe.<\/a> Presentation by Vilelmini G.Psarrianou, RSI Journal<\/p>\n<p>Philip McCann:<a href=\"..\/ARTICLES\/NEWS\/Book Reviews\/Book_Review_Vol.IV.(3).2012_2.pdf\" target=\"_blank\" rel=\"noopener\">Modern Urban and Regional Economics.<\/a> Presentation By Dr. Christos D. Genitsaropoulos<\/p>\n<p>Elias G. Carayannis, George M. Korres: <a href=\"..\/ARTICLES\/NEWS\/Book Reviews\/Book_Review_Vol.IV.(3).2012_1.pdf\" target=\"_blank\" rel=\"noopener\">European Socio Economic Integration: Challenges, Opportunities and Lessons Learned.<\/a> Presentation By Dr. Christos D. Genitsaropoulos<\/p>\n<p>George Korres: <a href=\"..\/ARTICLES\/NEWS\/Book Reviews\/review_182.pdf\" target=\"_blank\" rel=\"noopener\">Handbook of Innovation Economics<\/a>. Presentation by Dr Aikaterini Kokkinou<\/p>\n<p>Barney Warf, Frederick P. Stutz: <a href=\"..\/ARTICLES\/NEWS\/Book Reviews\/review_181.pdf\" target=\"_blank\" rel=\"noopener\">The World Economy: Geography, Business, Development <\/a>[Kindle Edition]. Presentation by Antonia Obaidou<\/p>\n<p><span style=\"text-decoration: underline;\">2011<\/span><\/p>\n<p>Roberta Capello and Peter Nijkamp: <a href=\"..\/ARTICLES\/NEWS\/Book Reviews\/review_217.pdf\" target=\"_blank\" rel=\"noopener\">Handbook of Regional Growth and Development Theories<\/a>. Presentation by Vilelmini G. Psarrianou<\/p>\n<p>Dimitrios Panagiotopoulos:\u00a0<a href=\"..\/ARTICLES\/NEWS\/Book Reviews\/review_218.pdf\" target=\"_blank\" rel=\"noopener\">Sports Law Lex Sportiva &amp; Lex Olympica<\/a>. Presentation by Vilelmini G. Psarrianou<\/p>\n<p><a href=\"..\/ARTICLES\/NEWS\/Book Reviews\/review-218.pdf\" target=\"_blank\" rel=\"noopener\">Journal of Regional &amp; Socio-Economic Issues (Online).<\/a>Presentation by Dr. Aikaterini Kokkinou<\/p>\n<p>Pierre-Philippe Combes, Thierry Mayer and Jacques-Francois Thisse: <a href=\"http:\/\/www.rsijournal.eu\/ARTICLES\/NEWS\/Book Reviews\/review_128.pdf\" target=\"_blank\" rel=\"noopener\">Economic Geography: The Integration of Regions and Nations<\/a>. Presentation by Dr. Aikaterini Kokkinou<\/p>\n<p>George M. Korres: <a href=\"http:\/\/www.rsijournal.eu\/ARTICLES\/NEWS\/Book Reviews\/review_127.pdf\" target=\"_blank\" rel=\"noopener\">Handbook of Innovation Economics<\/a>. Presentation by Dr. George Tsobanoglou<\/p>\n<p><span style=\"text-decoration: underline;\">2010<\/span><\/p>\n<p>Edited by George C. Bitros, Professor of Economics, Athens Economic and Business University and George M. Korres, University of Aegean, Department of Geography Palgrave &#8211; McMillan.<a href=\"http:\/\/www.rsijournal.eu\/ARTICLES\/NEWS\/Book%20Reviews\/Economic%20Integration%20Limits%20and%20Prospects.pdf\" target=\"_blank\" rel=\"noopener\">Economic Integration: Limits and Prospects<\/a> Presentation by Dr Christos Ladias<\/p>\n<p>ESPON Project 3.4.1, results by autumn 2007 Pr. Claude Grasland ISBN: 978-2-7442-0135-6 <a href=\"http:\/\/www.rsijournal.eu\/ARTICLES\/NEWS\/Book%20Reviews\/Europe%20in%20the%20World.pdf\" target=\"_blank\" rel=\"noopener\">Europe in the World Territorial evidence and visions<\/a> Presentation by Dr Roido Mitoula<\/p>\n<p>Edited by Ann Denis, University of Ottawa and Devorah Kalekin-Fishman, University of Haifa SAGE Studies in International Sociology, 2009 <a href=\"http:\/\/www.rsijournal.eu\/ARTICLES\/NEWS\/Book%20Reviews\/The%20ISA%20Handbook%20in%20Contemporary%20Sociology.pdf\" target=\"_blank\" rel=\"noopener\">The ISA Handbook in Contemporary Sociology<\/a> Presentation by Dr Christos Ladias<\/p>\n<p><span style=\"text-decoration: underline;\">2009<\/span><\/p>\n<p>George M. Korres<strong>:<\/strong><a href=\"http:\/\/www.rsijournal.eu\/ARTICLES\/NEWS\/Book Reviews\/Technical%20Change%20and%20Economic%20Growth%20Inside%20to%20the%20Knowledge%20Based%20Economy.pdf\" target=\"_blank\" rel=\"noopener\">Technical Change and Economic Growth: Inside to the Knowledge Based Economy<strong>.<\/strong> <\/a>Presentation by Dr Christos Ladias<\/p>\n<p>George M. Korres:<a href=\"http:\/\/www.rsijournal.eu\/ARTICLES\/NEWS\/Book Reviews\/Regionalization%20Growth%20and%20Economic%20Integration%20Contribution%20to%20Economics.pdf\" target=\"_blank\" rel=\"noopener\">Regionalization, Growth and Economic Integration, Contribution to Economics<\/a>. Presentation by Dr Christos Ladias.<\/p>\n","protected":false},"excerpt":{"rendered":"<p>2025 The Thematic Encyclopedia of Regional Science Edited by Peter Nijkamp, Karima Kourtit, Kingsley E. Haynes, and Zeynep Elburz , Book Review by Dimitrios Tsiotas, Assistant Professor, RSI J Technology Adoption and Social Issues: Concepts, Methodologies, Tools, and Applications 2018 | Edited by IGI Global, Book Review by Dimitrios Tsiotas, Assistant Professor, RSI J Regional&hellip;<\/p>\n","protected":false},"author":1,"featured_media":0,"parent":77,"menu_order":3,"comment_status":"closed","ping_status":"closed","template":"","meta":{"footnotes":""},"class_list":["post-82","page","type-page","status-publish","hentry"],"_links":{"self":[{"href":"https:\/\/rsijournal.eu\/index.php?rest_route=\/wp\/v2\/pages\/82","targetHints":{"allow":["GET"]}}],"collection":[{"href":"https:\/\/rsijournal.eu\/index.php?rest_route=\/wp\/v2\/pages"}],"about":[{"href":"https:\/\/rsijournal.eu\/index.php?rest_route=\/wp\/v2\/types\/page"}],"author":[{"embeddable":true,"href":"https:\/\/rsijournal.eu\/index.php?rest_route=\/wp\/v2\/users\/1"}],"replies":[{"embeddable":true,"href":"https:\/\/rsijournal.eu\/index.php?rest_route=%2Fwp%2Fv2%2Fcomments&post=82"}],"version-history":[{"count":81,"href":"https:\/\/rsijournal.eu\/index.php?rest_route=\/wp\/v2\/pages\/82\/revisions"}],"predecessor-version":[{"id":4669,"href":"https:\/\/rsijournal.eu\/index.php?rest_route=\/wp\/v2\/pages\/82\/revisions\/4669"}],"up":[{"embeddable":true,"href":"https:\/\/rsijournal.eu\/index.php?rest_route=\/wp\/v2\/pages\/77"}],"wp:attachment":[{"href":"https:\/\/rsijournal.eu\/index.php?rest_route=%2Fwp%2Fv2%2Fmedia&parent=82"}],"curies":[{"name":"wp","href":"https:\/\/api.w.org\/{rel}","templated":true}]}}