{"id":4484,"date":"2024-06-05T17:56:04","date_gmt":"2024-06-05T15:56:04","guid":{"rendered":"https:\/\/rsijournal.eu\/?page_id=4484"},"modified":"2024-11-27T21:20:03","modified_gmt":"2024-11-27T19:20:03","slug":"algis-krupavicius","status":"publish","type":"page","link":"https:\/\/rsijournal.eu\/?page_id=4484","title":{"rendered":"Algis Krupavi\u010dius"},"content":{"rendered":"<div class=\"wp-block-image is-style-tw-overlap\">\n<figure class=\"alignleft is-resized\"><img loading=\"lazy\" decoding=\"async\" width=\"241\" height=\"280\" src=\"https:\/\/rsijournal.eu\/wp-content\/uploads\/Krupavicius.png\" alt=\"\" class=\"wp-image-4482\" style=\"width:193px;height:auto\"\/><\/figure>\n<\/div>\n\n\n<p>Algis Krupavi\u010dius is Professor at the Faculty of Public Governance and Business, Mykolas Romeris University. His main research areas include comparative politics, political sociology, comparative public policy, quantitative and qualitative research methods, survey research, content analysis, AI and computational social science.<\/p>\n\n\n\n<p>He was the first president of Lithuanian Political Science Association. In 2014 \u2013 2021 he was Deputy Chair of General Assembly of European Social Survey, also in 2017 \u2013 2021 member of Standing Committee of the International Social Survey Programme (ISSP). Now he is a member of the European Consortium for Political Research (ECPR) Standing Group on Presidential Politics and Standing Group on Political Parties.<\/p>\n\n\n\n<p>He was visiting senior research fellow, King\u2019s College, University of London, also visiting professor, Northwestern University (USA). He had number of grants and fellowships including from Lithuanian Research Council, Social Science Research Council (USA), American Council of Learned Societies. Since 2019 he is a member of the Committee of independent eminent persons, the Council of the European Union.<\/p>\n\n\n\n<p>He is a member of several editorial boards, including East European Quarterly, Polish Political Science Review. Polski Przegl\u0105d Politologiczny, Socialiniai mokslai (Social Sciences), Journal of Baltic Studies, Baltic Journal of Political Science and others.<\/p>\n\n\n\n<p>Algis Krupavi\u010dius was leading various teams of researchers to put Lithuania on a map of well-known international scholarly and research infrastructural projects as MARPOR (Manifesto Research on Political Representation), European Election Studies (EES), International Social Survey Program, European Social Survey, Consortium of European Social Science Data Archives (CESSDA).<\/p>\n\n\n\n<p>Among his recent publications are as follows:<\/p>\n\n\n\n<ul class=\"wp-block-list\">\n<li>&#8220;Litewski semiprezydencjalizm: korzenie, konstrukcja, wyzwania&#8221; [Lithuanian semi-presidentialism: roots, structure, challenges]. In Udana transformacja na peryferiach? \/ pod redakcj\u0105 Justinasa Dementavi\u010d,usa i Artura Wo\u0142ka. Krak\u00f3w: O\u015brodek My\u015bli Politycznej, 2014, p. 131-176.<\/li>\n\n\n\n<li>With Kapo\u010di\u016bt\u0117-Dzikien\u0117. (2014) Predicting party group from the Lithuanian parliamentary speeches \/\/ Informacin\u0117s technologijos ir valdymas = Information technology and control \/, T. 43, nr. 3, p. 321-332.<\/li>\n\n\n\n<li>The 2014 referendum in Lithuania. East European Quarterly, Vol. 41, No. 1, March 2015, p. 129-136.<\/li>\n\n\n\n<li>With Vitalija Simonaityt\u0117 (2016) Organization of Political Parties: The Case of Lithuania. In Sobolewska-Myslik K., Kosowska-G\u0105sto\u0142 B., Borowiec P. (eds), Organizational Structures of Political Parties in Central and Eastern European Countries. Krakow: Jagiellonian University Press, p. 251- 276.<\/li>\n\n\n\n<li>Lithuania in Comparative Perspective: From Transition to Flawed Democracy. In Central European Political Science Review, Vol. 21, No. 82, 2020, p. 87- 107.<\/li>\n\n\n\n<li>Krupavi\u010dius, Algis, \u0160arkut\u0117, Ligita (eds., 2021) Kas k\u0105 gauna, kada ir kaip: partij\u0173 ir interes\u0173 grupi\u0173 s\u0105veika Europos demokratijose [Who gets what, when, and how: the interaction of parties and interest groups in European democracies]. Vilnius: MRU.<\/li>\n\n\n\n<li>Lithuania in Comparative Perspective: From Transition to Flawed Democracy. In Janos S. (ed. 2022) 30 \u00e9ve szabadon K\u00f6z\u00e9p-Eur\u00f3p\u00e1ban. Budapest: Ludovika k\u00f6nyvek, p. 83- 100<\/li>\n<\/ul>\n\n\n\n<p class=\"has-text-align-right\"><strong>Academic Profile by: Filipos RUXHO<\/strong>, <strong>Assistant Professor of Economics and Sustainable Development<\/strong><\/p>\n","protected":false},"excerpt":{"rendered":"<p>Algis Krupavi\u010dius is Professor at the Faculty of Public Governance and Business, Mykolas Romeris University. His main research areas include comparative politics, political sociology, comparative public policy, quantitative and qualitative research methods, survey research, content analysis, AI and computational social science. He was the first president of Lithuanian Political Science Association. In 2014 \u2013 2021&hellip;<\/p>\n","protected":false},"author":1,"featured_media":0,"parent":640,"menu_order":0,"comment_status":"closed","ping_status":"closed","template":"","meta":{"footnotes":""},"class_list":["post-4484","page","type-page","status-publish","hentry"],"_links":{"self":[{"href":"https:\/\/rsijournal.eu\/index.php?rest_route=\/wp\/v2\/pages\/4484","targetHints":{"allow":["GET"]}}],"collection":[{"href":"https:\/\/rsijournal.eu\/index.php?rest_route=\/wp\/v2\/pages"}],"about":[{"href":"https:\/\/rsijournal.eu\/index.php?rest_route=\/wp\/v2\/types\/page"}],"author":[{"embeddable":true,"href":"https:\/\/rsijournal.eu\/index.php?rest_route=\/wp\/v2\/users\/1"}],"replies":[{"embeddable":true,"href":"https:\/\/rsijournal.eu\/index.php?rest_route=%2Fwp%2Fv2%2Fcomments&post=4484"}],"version-history":[{"count":1,"href":"https:\/\/rsijournal.eu\/index.php?rest_route=\/wp\/v2\/pages\/4484\/revisions"}],"predecessor-version":[{"id":4485,"href":"https:\/\/rsijournal.eu\/index.php?rest_route=\/wp\/v2\/pages\/4484\/revisions\/4485"}],"up":[{"embeddable":true,"href":"https:\/\/rsijournal.eu\/index.php?rest_route=\/wp\/v2\/pages\/640"}],"wp:attachment":[{"href":"https:\/\/rsijournal.eu\/index.php?rest_route=%2Fwp%2Fv2%2Fmedia&parent=4484"}],"curies":[{"name":"wp","href":"https:\/\/api.w.org\/{rel}","templated":true}]}}