{"id":2615,"date":"2015-05-31T00:15:51","date_gmt":"2015-05-30T22:15:51","guid":{"rendered":"http:\/\/www.rsijournal.eu\/?page_id=2615"},"modified":"2015-05-31T09:25:34","modified_gmt":"2015-05-31T07:25:34","slug":"professor-dr-luis-lanaspa","status":"publish","type":"page","link":"https:\/\/rsijournal.eu\/?page_id=2615","title":{"rendered":"Professor Dr Luis Lanaspa"},"content":{"rendered":"<p><img loading=\"lazy\" decoding=\"async\" class=\"alignleft size-full wp-image-1825\" title=\"Luis Lanaspa\" src=\"http:\/\/www.rsijournal.eu\/wp-content\/uploads\/Lanaspa.jpg\" alt=\"\" width=\"122\" height=\"150\" \/><strong>Luis Lanaspa<\/strong> is a Professor of Economic Analysis at the University of Zaragoza (Economic Geography, Regional and Urban Economics).<br \/>\nHis international academic impact is 233 citations, 9 h-index, 9 i10-index.<br \/>\nHe has published more than 20 articles concerning urban studies, core-periphery models, comparative economic analysis, regional- industrial development, including:<\/p>\n<ul>\n<li>R Gonz\u00e1lez-Val, L Lanaspa,Patterns in US Urban Growth, 1790\u20132000, Regional Studies, 1-21, 2014<\/li>\n<li>R Gonz\u00e1lez-Val, L Lanaspa, F Sanz-Gracia, New evidence on Gibrat\u2019s law for cities,<br \/>\nUrban Studies, 2013<\/li>\n<li>LF Lanaspa Santolaria, I Olloqui Cuartero, F Sanz Garcia, Common trends and linkages in the US manufacturing sector, 1969\u20132000, International Journal of Urban and Regional Research 36 (5), 1093-1111, 2012<\/li>\n<li>L Lanaspa, F Pueyo, F Sanz, Foreign direct investment, industrial location and capital taxation, The Annals of Regional Science 42 (2), 413-423, 2008<\/li>\n<li>J Clemente, L Lanaspa, A Monta\u00f1\u00e9s, The unemployment structure of the US states, The Quarterly Review of Economics and Finance 45 (4), 848-868, 2005<\/li>\n<li>L Lanaspa, AM Perdiguero, F Sanz, La distribuci\u00f3n del tama\u00f1o de las ciudades. El caso de Espa\u00f1a (1900\u20131999), Revista de Econom\u00eda Aplicada 34, 5-16, 2004<\/li>\n<li>L Lanaspa, F Pueyo, F Sanz, The evolution of Spanish urban structure during the twentieth century, Urban Studies 40 (3), 567-580, 2003<\/li>\n<li>L Lanaspa, F Sanz, Regional policy and industrial location decisions, Investigaciones Econ\u00f3micas 28 (1), 67-87, 2004<\/li>\n<\/ul>\n<p>Academic profile made by:<br \/>\n<strong>Maria Goula<\/strong>, critical survey editor of RSI, Teacher-Member of the Pedagogic Team of the Environmental Education Center of Makrinitsa<\/p>\n","protected":false},"excerpt":{"rendered":"<p>Luis Lanaspa is a Professor of Economic Analysis at the University of Zaragoza (Economic Geography, Regional and Urban Economics). His international academic impact is 233 citations, 9 h-index, 9 i10-index. He has published more than 20 articles concerning urban studies, core-periphery models, comparative economic analysis, regional- industrial development, including: R Gonz\u00e1lez-Val, L Lanaspa,Patterns in US&hellip;<\/p>\n","protected":false},"author":1,"featured_media":0,"parent":640,"menu_order":0,"comment_status":"closed","ping_status":"closed","template":"","meta":{"footnotes":""},"class_list":["post-2615","page","type-page","status-publish","hentry"],"_links":{"self":[{"href":"https:\/\/rsijournal.eu\/index.php?rest_route=\/wp\/v2\/pages\/2615","targetHints":{"allow":["GET"]}}],"collection":[{"href":"https:\/\/rsijournal.eu\/index.php?rest_route=\/wp\/v2\/pages"}],"about":[{"href":"https:\/\/rsijournal.eu\/index.php?rest_route=\/wp\/v2\/types\/page"}],"author":[{"embeddable":true,"href":"https:\/\/rsijournal.eu\/index.php?rest_route=\/wp\/v2\/users\/1"}],"replies":[{"embeddable":true,"href":"https:\/\/rsijournal.eu\/index.php?rest_route=%2Fwp%2Fv2%2Fcomments&post=2615"}],"version-history":[{"count":11,"href":"https:\/\/rsijournal.eu\/index.php?rest_route=\/wp\/v2\/pages\/2615\/revisions"}],"predecessor-version":[{"id":2650,"href":"https:\/\/rsijournal.eu\/index.php?rest_route=\/wp\/v2\/pages\/2615\/revisions\/2650"}],"up":[{"embeddable":true,"href":"https:\/\/rsijournal.eu\/index.php?rest_route=\/wp\/v2\/pages\/640"}],"wp:attachment":[{"href":"https:\/\/rsijournal.eu\/index.php?rest_route=%2Fwp%2Fv2%2Fmedia&parent=2615"}],"curies":[{"name":"wp","href":"https:\/\/api.w.org\/{rel}","templated":true}]}}