{"id":2457,"date":"2013-12-10T10:21:54","date_gmt":"2013-12-10T08:21:54","guid":{"rendered":"http:\/\/www.rsijournal.eu\/?page_id=2457"},"modified":"2014-07-10T10:24:16","modified_gmt":"2014-07-10T08:24:16","slug":"daniela-luminita-constantin","status":"publish","type":"page","link":"https:\/\/rsijournal.eu\/?page_id=2457","title":{"rendered":"Daniela Luminita Constantin"},"content":{"rendered":"<p><a href=\"http:\/\/www.rsijournal.eu\/wp-content\/uploads\/constantin.png\" rel=\"lightbox[2457]\"><img loading=\"lazy\" decoding=\"async\" class=\"alignleft size-thumbnail wp-image-2458\" title=\"constantin\" src=\"http:\/\/www.rsijournal.eu\/wp-content\/uploads\/constantin-150x150.png\" alt=\"\" width=\"150\" height=\"150\" \/><\/a><br \/>\n<strong>Daniela Luminita Constantin <\/strong>is Full Professor of Regional Economics at the Academy of Economic   Studies of Bucharest and the Director of the Research Centre for   Macroeconomic and Regional Forecasting of this university. She\u2019s also President of the Romanian Regional   Science Association, Member of the Evaluation Committee of Romania\u2019s Regional Operational Programme   co-funded by the EU, Reviewer for International Journal of Services   Technology and Management, Inderscience, Journal of Economic and Social   Geography &#8211; Tijdschrift voor economische en sociale geografie (TESG),   Wiley-Blackwell and Editor for International Journal of Environmental Technology and Management.<\/p>\n<p>Her main scientific interest   concentrates on regional policies, regional convergence and competitiveness,   EU structural assistance, migration, SMEs and entrepreneurship, environmental   issues and human security. \u00a0She carried out numerous   research stages abroad as Fulbright, DAAD and Phare-Tempus scholar.<\/p>\n<p>Daniela Constantin has   authored or co-authored a large number of books and an article published in Romania   and abroad and has participated in various national and international   research project teams.<\/p>\n<p><strong>Her most recent publications   include:<\/strong><\/p>\n<p><strong><span style=\"text-decoration: underline;\">Working papers<\/span><\/strong><\/p>\n<p><strong> <\/strong><\/p>\n<ol>\n<li>Daniela L. CONSTANTIN &amp; Raluca   Mariana Petrescu &amp; Claudiu HERTELIU &amp; Alina IOSIF &amp; Alina   PROFIROIU, 2012. &#8220;<strong><a href=\"http:\/\/ideas.repec.org\/p\/wiw\/wiwrsa\/ersa12p926.html\">The Services of General   Interest in Romania: Legal and Institutional Aspects at National and   Territorial Level<\/a><\/strong>,&#8221;<a href=\"http:\/\/ideas.repec.org\/s\/wiw\/wiwrsa.html\">ERSA conference papers<\/a> ersa12p926,   European Regional Science Association.<\/li>\n<li>Eduarda Marques da Costa &amp;   Pedro Palma &amp; Daniel Rauhut &amp; Alois Humer &amp; Daniela Constantin   &amp; Xabier Velasco, 2012. &#8220;<strong><a href=\"http:\/\/ideas.repec.org\/p\/wiw\/wiwrsa\/ersa12p1114.html\">Indicators of Services of   General Interest in EU regional context: between the need to measure and the   lacking of their meaning<\/a><\/strong>,&#8221;\u00a0<a href=\"http:\/\/ideas.repec.org\/s\/wiw\/wiwrsa.html\">ERSA conference papers<\/a> ersa12p1114,   European Regional Science Association.<\/li>\n<li>Daniela L. CONSTANTIN, 2012. &#8220;<strong><a href=\"http:\/\/ideas.repec.org\/p\/wiw\/wiwrsa\/ersa12p920.html\">Middle Of The Road:   Romania\u00e2\u20ac\u2122S Regional Policy In The Current Eu Programming Period<\/a><\/strong>,&#8221;\u00a0<a href=\"http:\/\/ideas.repec.org\/s\/wiw\/wiwrsa.html\">ERSA conference papers<\/a> ersa12p920,   European Regional Science Association.<\/li>\n<li>Daniela L. Constantin &amp;   Constanta Bodea &amp; Carmen B. Pauna &amp; Zizi Goschin &amp; Mariana   Dragusin &amp; Ion Stancu, 2011. &#8220;<strong><a href=\"http:\/\/ideas.repec.org\/p\/wiw\/wiwrsa\/ersa10p1157.html\">The Question Of Clusters In   Less Developed Areas. Empirical Evidence From Romania\u00e2\u20ac\u0160\u00e3\u201e\u00c3\u00b4S Eastern Regions<\/a><\/strong>,&#8221;\u00a0<a href=\"http:\/\/ideas.repec.org\/s\/wiw\/wiwrsa.html\">ERSA conference papers<\/a> ersa10p1157,   European Regional Science Association.<\/li>\n<li>Anca Dachin &amp; Daniela   Constantin &amp; Zizi Goschin &amp; Constantin Mitrut &amp; Bogdan Ileanu,   2011. &#8220;<strong><a href=\"http:\/\/ideas.repec.org\/p\/wiw\/wiwrsa\/ersa10p1236.html\">The Capacity Of Urban   Centres To Contribute To The Rural Development In Romania. An Inquiry From   R&amp;D And Innovation Perspective<\/a><\/strong>,&#8221;\u00a0<a href=\"http:\/\/ideas.repec.org\/s\/wiw\/wiwrsa.html\">ERSA conference papers<\/a> ersa10p1236,   European Regional Science Association.<\/li>\n<\/ol>\n<p><strong><span style=\"text-decoration: underline;\">Articles:<\/span><\/strong><\/p>\n<ol>\n<li>Raluca Mariana Grosu &amp; Daniela   Luminita Constantin, 2013. &#8220;<strong><a href=\"http:\/\/ideas.repec.org\/a\/dug\/actaec\/y2013i4p306-318.html\">The International   Migration in the EU. A Descriptive   Analysis Focused on Romania<\/a><\/strong>,&#8221;\u00a0<a href=\"http:\/\/ideas.repec.org\/s\/dug\/actaec.html\">Acta   Universitatis Danubius. OEconomica<\/a>, Danubius   University of Galati, issue 9(4), pages 306-318, August.<\/li>\n<li>Daniela-Luminita Constantin, 2013.   &#8220;<strong><a href=\"http:\/\/ideas.repec.org\/a\/dug\/actaec\/y2013i4p281-291.html\">Romania\u2019s   Regional Policy between the Current Realities and the Challenges of the   2014-2020 Programme Period<\/a><\/strong>,&#8221;\u00a0<a href=\"http:\/\/ideas.repec.org\/s\/dug\/actaec.html\">Acta Universitatis Danubius.   OEconomica<\/a>, Danubius University of Galati,   issue 9(4), pages 281-291, August.<\/li>\n<li>Daniela Lumini\u0163a Constantin &amp;   Mariana Dr\u0103gu\u015fin &amp; Raluca Mariana Petrescu &amp; Alina Elena Iosif, 2012.   &#8220;<strong><a href=\"http:\/\/ideas.repec.org\/a\/aes\/amfeco\/v14y2012ispecial_no_6p738-754.html\">The Effective   Management of Municipal Real Property. The Question of Services for the   Business Use of Real Property<\/a><\/strong>,&#8221;\u00a0<a href=\"http:\/\/ideas.repec.org\/s\/aes\/amfeco.html\">The AMFITEATRU ECONOMIC   journal<\/a>, Academy of Economic Studies &#8211; Bucharest, Romania,   vol. 14(Special N), pages 738-754, November.<\/li>\n<li>Daniela-Luminita CONSTANTIN, 2012.   &#8220;<strong><a href=\"http:\/\/ideas.repec.org\/a\/rom\/rampas\/v8y2012i1p126-132.html\">The Regional   State Aid Schemes As A Support To Sustainable Urban Development<\/a><\/strong>,&#8221;\u00a0<a href=\"http:\/\/ideas.repec.org\/s\/rom\/rampas.html\">REVISTA ADMINISTRATIE SI   MANAGEMENT PUBLIC<\/a>, Faculty of Administration and   Public Management, Academy of Economic Studies, Bucharest, Romania,   vol. 2012(8), pages 126-132, June.<\/li>\n<li>Lorena B\u0102T\u0102GAN &amp; Daniela   Lumini\u0163a CONSTANTIN, 2012. &#8220;<strong><a href=\"http:\/\/ideas.repec.org\/a\/agr\/journl\/v10(575)y2012i10(575)p93-104.html\">The readiness of   employees for the future society. Case study<\/a><\/strong>,&#8221;\u00a0<a href=\"http:\/\/ideas.repec.org\/s\/agr\/journl.html\">Theoretical and Applied   Economics<\/a>, Asociatia Generala a   Economistilor din Romania   &#8211; AGER, vol. 0(10(575)), pages 93-104, October.<\/li>\n<\/ol>\n<p><strong>By Antonia P.   Obaidou, Aristotle University of Thessaloniki,   Greece <\/strong><\/p>\n","protected":false},"excerpt":{"rendered":"<p>Daniela Luminita Constantin is Full Professor of Regional Economics at the Academy of Economic Studies of Bucharest and the Director of the Research Centre for Macroeconomic and Regional Forecasting of this university. She\u2019s also President of the Romanian Regional Science Association, Member of the Evaluation Committee of Romania\u2019s Regional Operational Programme co-funded by the EU,&hellip;<\/p>\n","protected":false},"author":1,"featured_media":0,"parent":640,"menu_order":0,"comment_status":"closed","ping_status":"closed","template":"","meta":{"footnotes":""},"class_list":["post-2457","page","type-page","status-publish","hentry"],"_links":{"self":[{"href":"https:\/\/rsijournal.eu\/index.php?rest_route=\/wp\/v2\/pages\/2457","targetHints":{"allow":["GET"]}}],"collection":[{"href":"https:\/\/rsijournal.eu\/index.php?rest_route=\/wp\/v2\/pages"}],"about":[{"href":"https:\/\/rsijournal.eu\/index.php?rest_route=\/wp\/v2\/types\/page"}],"author":[{"embeddable":true,"href":"https:\/\/rsijournal.eu\/index.php?rest_route=\/wp\/v2\/users\/1"}],"replies":[{"embeddable":true,"href":"https:\/\/rsijournal.eu\/index.php?rest_route=%2Fwp%2Fv2%2Fcomments&post=2457"}],"version-history":[{"count":3,"href":"https:\/\/rsijournal.eu\/index.php?rest_route=\/wp\/v2\/pages\/2457\/revisions"}],"predecessor-version":[{"id":2460,"href":"https:\/\/rsijournal.eu\/index.php?rest_route=\/wp\/v2\/pages\/2457\/revisions\/2460"}],"up":[{"embeddable":true,"href":"https:\/\/rsijournal.eu\/index.php?rest_route=\/wp\/v2\/pages\/640"}],"wp:attachment":[{"href":"https:\/\/rsijournal.eu\/index.php?rest_route=%2Fwp%2Fv2%2Fmedia&parent=2457"}],"curies":[{"name":"wp","href":"https:\/\/api.w.org\/{rel}","templated":true}]}}