{"id":2445,"date":"2013-06-10T10:10:11","date_gmt":"2013-06-10T08:10:11","guid":{"rendered":"http:\/\/www.rsijournal.eu\/?page_id=2445"},"modified":"2014-07-10T10:17:02","modified_gmt":"2014-07-10T08:17:02","slug":"cristina-lincaru","status":"publish","type":"page","link":"https:\/\/rsijournal.eu\/?page_id=2445","title":{"rendered":"Cristina Lincaru"},"content":{"rendered":"<p><a href=\"http:\/\/www.rsijournal.eu\/wp-content\/uploads\/lincaru.png\" rel=\"lightbox[2445]\"><img loading=\"lazy\" decoding=\"async\" class=\"alignleft size-thumbnail wp-image-2446\" title=\"lincaru\" src=\"http:\/\/www.rsijournal.eu\/wp-content\/uploads\/lincaru-150x150.png\" alt=\"\" width=\"150\" height=\"150\" srcset=\"https:\/\/rsijournal.eu\/wp-content\/uploads\/lincaru-150x150.png 150w, https:\/\/rsijournal.eu\/wp-content\/uploads\/lincaru-300x300.png 300w, https:\/\/rsijournal.eu\/wp-content\/uploads\/lincaru.png 750w\" sizes=\"auto, (max-width: 150px) 100vw, 150px\" \/><\/a><\/p>\n<p><strong>Cristina   Lincaru<\/strong><strong><em> <\/em><\/strong>is   a mechanical engineer,  specialized in Fine mechanics, optical and biomedical   apparatus  (Polytechnic University Bucharest, 1992) and also Doctor in   Management  since 9th December 2005 with the thesis: \u201cLabour market in Romania (The    Bucharest Academy of Economic Studies). Organizing, working and  directions to   ameliorate its performances\u201d, under the coordination of  Prof. Univ. Dr.   Gheorghe Raboaca. She has been working as a scientific  researcher at INCSMPS   Romania since 1996. Her scientific career on  the long term is aimed at   achieving high expertise in the field of  quality in employment in the   knowledge based society context in  transition countries.<\/p>\n<p>She   is Member in the Editorial Board E-Journal of International and  Comparative   LABOUR STUDIES, ADAPT International School of Higher  Education in Labour and   Industrial Relations, Member in the The Board  of the HELLENIC ASSOCIATION OF   REGIONAL SCIENTISTS H.A.R.S. 2011-2012.  National validator for Romania\u201d in   the METRIS I and II Project:  Monitoring European Trends in Social Sciences   and Humanities funded  by: European Commission, DG Research, EC. Member of RSA   Regional  Studies Association (2010), member in RRSA Regional Studies    Association (2011), member in European Association of Labour Economics  (2011)   and Member in the Romanian Society of Statistics RSS.<\/p>\n<p><strong>Working   papers<\/strong><\/p>\n<li>Vasilica Ciuca &amp; Cristina   Lincaru &amp; Gabriela  Tudose &amp; Speran\u00c2\u00bb\u00c3\u00b5a P\u00e2\u02c6\u0161\u00c3\u2020rciog &amp; Liliana Grecu   &amp; Ion  Steg\u00c6\u2019\u00c3\u2030roiu, 2011. &#8220;<a href=\"http:\/\/ideas.repec.org\/p\/wiw\/wiwrsa\/ersa10p458.html\"><strong>Key skills development at firm   level in regional perspective \u00e2\u20ac\u0161\u00c3\u201e\u00c3\u00accase study for Romania<\/strong><\/a>,&#8221; <a href=\"http:\/\/ideas.repec.org\/s\/wiw\/wiwrsa.html\">ERSA conference papers<\/a> ersa10p458, European Regional Science Association.<\/li>\n<li>Cristina Lincaru &amp; Mihaela   Ghen\u00c2\u00bb\u00c3\u00b5a &amp; Draga  Atanasiu &amp; Vasilica Ciuc\u00c6\u2019\u00c3\u2030 &amp; Codru\u00c2\u00bb\u00c3\u00b5a   Dr\u00c6\u2019\u00c3\u2030goiu &amp;  Beatrice Chiriac, 2011. &#8220;<a href=\"http:\/\/ideas.repec.org\/p\/wiw\/wiwrsa\/ersa10p455.html\"><strong>The regions development   characterisation by diversity\/variety of the firms \u00e2\u20ac\u0161\u00c3\u201e\u00c3\u00ac study case for   Romania<\/strong><\/a>,&#8221; <a href=\"http:\/\/ideas.repec.org\/s\/wiw\/wiwrsa.html\">ERSA conference papers<\/a> ersa10p455, European Regional Science Association.<\/li>\n<li>Dr.Lincaru, Cristina &amp;   Dr.Predosanu, Gabriela &amp; ms.Brinza, Raluca-Catrinel, 2008. &#8220;<a href=\"http:\/\/ideas.repec.org\/p\/irs\/iriswp\/2008-13.html\"><strong>Process of transition from   school-to-work: generator for the initial stage of path dependence in career   development<\/strong><\/a>,&#8221; <a href=\"http:\/\/ideas.repec.org\/s\/irs\/iriswp.html\">IRISS Working Paper Series<\/a> 2008-13,   IRISS at CEPS\/INSTEAD.<\/li>\n<p><strong>Articles<\/strong><\/p>\n<li>Dr. Cristina LINKARU: &amp;   Dr. Vasilica CIUC\u0102 &amp;  Mat. Draga ATANASIU &amp; Dr. C\u0103t\u0103lin GHINARARU   &amp; Dr. Gabriela  TUDOSE &amp; Liliana GRECU, 2012. &#8220;<a href=\"http:\/\/ideas.repec.org\/a\/hrs\/journl\/vivy2012i1p95-104.html\"><strong>Gross Worker Flows Estimation At   European Level<\/strong><\/a>,&#8221; <a href=\"http:\/\/ideas.repec.org\/s\/hrs\/journl.html\">Regional Science Inquiry<\/a>, Hellenic   Association of Regional Scientists, vol. 0(1), pages 95-104, June.<\/li>\n<li>Ciuca, Vasilica &amp;   Lincaru, Cristina, 2010. &#8220;<a href=\"http:\/\/ideas.repec.org\/a\/rjr\/romjef\/vy2010i5p100-119.html\"><strong>Strategic Development Prospects   for the Labor Market in Romania, as Introduced by the Europe 2020 Strategy<\/strong><\/a>,&#8221; <a href=\"http:\/\/ideas.repec.org\/s\/rjr\/romjef.html\">Journal for Economic Forecasting<\/a>,   Institute for Economic Forecasting, vol. 0(5), pages 100-119.<\/li>\n<li>BULEARCA, Marius &amp;   RAGALIE, Stefan &amp; RUSSU,  Corneliu &amp; BADILEANU, Marina &amp; SIMA,   Cristian &amp; NEAGU,  Cornelia &amp; HORNIANSCHI, Nicoleta &amp; FISTUNG,   Daniel &amp;  ANTONESCU, Daniela &amp; VASILE, Dan &amp; ISAIC-MANIU, , 2005.   &#8220;<a href=\"http:\/\/ideas.repec.org\/a\/cei\/recind\/v3y2005i1p7.html\"><strong>Analiza situatiei economice   actuale si identificarea factorilor de competitivitate (sinteza)<\/strong><\/a>,&#8221; <a href=\"http:\/\/ideas.repec.org\/s\/cei\/recind.html\">Revista de Economie Industriala   (Journal of Industrial Eonomics)<\/a>, Centre for Industrial   Economics and Services, vol. 3(1), pages 7, March.<\/li>\n<li>BULEARCA, Marius &amp;   RAGALIE, Stefan &amp; RUSSU,  Corneliu &amp; BADILEANU, Marina &amp; SIMA,   Cristian &amp; NEAGU,  Cornelia &amp; HORNIANSCHI, Nicoleta &amp; FISTUNG,   Daniel &amp;  ANTONESCU, Daniela &amp; VASILE, Dan &amp; ISAIC-MANIU, , 2005.   &#8220;<a href=\"http:\/\/ideas.repec.org\/a\/cei\/recind\/v3y2005i1p9.html\"><strong>Analiza SWOT a domeniilor si   sectoarelor economiei nationale (sinteza)<\/strong><\/a>,&#8221; <a href=\"http:\/\/ideas.repec.org\/s\/cei\/recind.html\">Revista de Economie Industriala   (Journal of Industrial Eonomics)<\/a>, Centre for Industrial   Economics and Services, vol. 3(1), pages 9, March.<\/li>\n<p><strong>By   Antonia P. Obaidou, Aristotle University of Thessaloniki,   Greece<\/strong><\/p>\n","protected":false},"excerpt":{"rendered":"<p>Cristina Lincaru is a mechanical engineer, specialized in Fine mechanics, optical and biomedical apparatus (Polytechnic University Bucharest, 1992) and also Doctor in Management since 9th December 2005 with the thesis: \u201cLabour market in Romania (The Bucharest Academy of Economic Studies). Organizing, working and directions to ameliorate its performances\u201d, under the coordination of Prof. Univ. Dr.&hellip;<\/p>\n","protected":false},"author":1,"featured_media":0,"parent":640,"menu_order":0,"comment_status":"closed","ping_status":"closed","template":"","meta":{"footnotes":""},"class_list":["post-2445","page","type-page","status-publish","hentry"],"_links":{"self":[{"href":"https:\/\/rsijournal.eu\/index.php?rest_route=\/wp\/v2\/pages\/2445","targetHints":{"allow":["GET"]}}],"collection":[{"href":"https:\/\/rsijournal.eu\/index.php?rest_route=\/wp\/v2\/pages"}],"about":[{"href":"https:\/\/rsijournal.eu\/index.php?rest_route=\/wp\/v2\/types\/page"}],"author":[{"embeddable":true,"href":"https:\/\/rsijournal.eu\/index.php?rest_route=\/wp\/v2\/users\/1"}],"replies":[{"embeddable":true,"href":"https:\/\/rsijournal.eu\/index.php?rest_route=%2Fwp%2Fv2%2Fcomments&post=2445"}],"version-history":[{"count":4,"href":"https:\/\/rsijournal.eu\/index.php?rest_route=\/wp\/v2\/pages\/2445\/revisions"}],"predecessor-version":[{"id":2450,"href":"https:\/\/rsijournal.eu\/index.php?rest_route=\/wp\/v2\/pages\/2445\/revisions\/2450"}],"up":[{"embeddable":true,"href":"https:\/\/rsijournal.eu\/index.php?rest_route=\/wp\/v2\/pages\/640"}],"wp:attachment":[{"href":"https:\/\/rsijournal.eu\/index.php?rest_route=%2Fwp%2Fv2%2Fmedia&parent=2445"}],"curies":[{"name":"wp","href":"https:\/\/api.w.org\/{rel}","templated":true}]}}