{"id":2401,"date":"2014-06-01T07:52:07","date_gmt":"2014-06-01T05:52:07","guid":{"rendered":"http:\/\/www.rsijournal.eu\/?page_id=2401"},"modified":"2014-07-10T07:54:42","modified_gmt":"2014-07-10T05:54:42","slug":"professor-george-prevelakis","status":"publish","type":"page","link":"https:\/\/rsijournal.eu\/?page_id=2401","title":{"rendered":"Professor George Prevelakis"},"content":{"rendered":"<p><a href=\"http:\/\/www.rsijournal.eu\/wp-content\/uploads\/prevelakis.jpg\" rel=\"lightbox[2401]\"><img decoding=\"async\" class=\"alignleft size-full wp-image-2402\" title=\"prevelakis\" src=\"http:\/\/www.rsijournal.eu\/wp-content\/uploads\/prevelakis.jpg\" alt=\"\" height=\"160\" srcset=\"https:\/\/rsijournal.eu\/wp-content\/uploads\/prevelakis.jpg 361w, https:\/\/rsijournal.eu\/wp-content\/uploads\/prevelakis-300x272.jpg 300w\" sizes=\"(max-width: 361px) 100vw, 361px\" \/><\/a><\/p>\n<p><strong>Professor George Prevelakis<\/strong><\/p>\n<p><span style=\"text-decoration: underline;\">Panth\u00e9on-Sorbonne<\/span><span style=\"text-decoration: underline;\"> University<\/span><\/p>\n<p>Professor George Prevelakis teaches geopolitics at the Panth\u00e9on-Sorbonne University in Paris. He has also taught at Technical University of Athens, SciencesPo in Paris and the Fletcher School (Tufts University \u2013 Medford, Massachusetts).<\/p>\n<p>Georges Prevelakis studied Architecture at the Athens Technical University and Geography and Planning at the Sorbonne.Between 1978 and 1984, he served as an Urban Planner at the Greek Ministry of Physical Planning and taught at the TechnicalUniversity and at Panteion University in Athens. In France since 1984, he has taught at the Sorbonne and at Sciences Po in Paris. His courses cover a large field, ranging from Greek Physical Planning to the Geopolitics of Europe through the History of Modern Architecture and Urban Planning, the Theory of Political and Cultural Geography and Balkan Geopolitics.<\/p>\n<p>He has also taught in the USA: at the Johns Hopkins University, at Boston University and, during two academic years, at Tufts University where he occupied the Constantine Karamanlis Chair in Hellenic and Southeastern European Studies (2003-2005). His research focuses on Political and Cultural Geography theory, Urban Planning, Diasporas, European and Eastern Mediterranean Geopolitics.<\/p>\n<p><strong>His most recent publications include:<\/strong><\/p>\n<ol>\n<li>Ath\u00e8nes, urbanisme, culture et politique, L&#8217;Harmattan, 2000.<\/li>\n<li>Les r\u00e9seaux des diasporas, L&#8217;Harmattan, 1996.<\/li>\n<li>G\u00e9opolitique de la Gr\u00e8ce, Complexe, 1997 &#8211; 2006.<\/li>\n<li>&#8220;Les grandes m\u00e9tropoles comme carrefour des diasporas&#8221;, Cyberg\u00e9o, 1999.<\/li>\n<li>&#8220;Querelle byzantine, \u00e0 propos du contentieux gr\u00e9co-mac\u00e9donien&#8221;, Le Monde diplomatique, janvier 1999.<\/li>\n<li>&#8220;Les Balkans, poudri\u00e8re ou thermom\u00e8tre de l&#8217;Europe ?&#8221;, Confluence M\u00e9diterran\u00e9e, automne 1993.<\/li>\n<\/ol>\n<p><strong>By Dr. Dr. Aikaterini Kokkinou, University of the Aegean <\/strong><\/p>\n","protected":false},"excerpt":{"rendered":"<p>Professor George Prevelakis Panth\u00e9on-Sorbonne University Professor George Prevelakis teaches geopolitics at the Panth\u00e9on-Sorbonne University in Paris. He has also taught at Technical University of Athens, SciencesPo in Paris and the Fletcher School (Tufts University \u2013 Medford, Massachusetts). Georges Prevelakis studied Architecture at the Athens Technical University and Geography and Planning at the Sorbonne.Between 1978 and&hellip;<\/p>\n","protected":false},"author":1,"featured_media":0,"parent":640,"menu_order":0,"comment_status":"closed","ping_status":"closed","template":"","meta":{"footnotes":""},"class_list":["post-2401","page","type-page","status-publish","hentry"],"_links":{"self":[{"href":"https:\/\/rsijournal.eu\/index.php?rest_route=\/wp\/v2\/pages\/2401","targetHints":{"allow":["GET"]}}],"collection":[{"href":"https:\/\/rsijournal.eu\/index.php?rest_route=\/wp\/v2\/pages"}],"about":[{"href":"https:\/\/rsijournal.eu\/index.php?rest_route=\/wp\/v2\/types\/page"}],"author":[{"embeddable":true,"href":"https:\/\/rsijournal.eu\/index.php?rest_route=\/wp\/v2\/users\/1"}],"replies":[{"embeddable":true,"href":"https:\/\/rsijournal.eu\/index.php?rest_route=%2Fwp%2Fv2%2Fcomments&post=2401"}],"version-history":[{"count":3,"href":"https:\/\/rsijournal.eu\/index.php?rest_route=\/wp\/v2\/pages\/2401\/revisions"}],"predecessor-version":[{"id":2405,"href":"https:\/\/rsijournal.eu\/index.php?rest_route=\/wp\/v2\/pages\/2401\/revisions\/2405"}],"up":[{"embeddable":true,"href":"https:\/\/rsijournal.eu\/index.php?rest_route=\/wp\/v2\/pages\/640"}],"wp:attachment":[{"href":"https:\/\/rsijournal.eu\/index.php?rest_route=%2Fwp%2Fv2%2Fmedia&parent=2401"}],"curies":[{"name":"wp","href":"https:\/\/api.w.org\/{rel}","templated":true}]}}