{"id":1801,"date":"2012-12-01T10:09:09","date_gmt":"2012-12-01T08:09:09","guid":{"rendered":"http:\/\/www.rsijournal.eu\/?page_id=1801"},"modified":"2012-12-01T13:02:37","modified_gmt":"2012-12-01T11:02:37","slug":"research-professor-dr-jose-g-vargas-hernandez","status":"publish","type":"page","link":"https:\/\/rsijournal.eu\/?page_id=1801","title":{"rendered":"Research Professor Dr. Jos\u00e9 G. Vargas-Hern\u00e1ndez"},"content":{"rendered":"<p><strong><a href=\"http:\/\/www.rsijournal.eu\/wp-content\/uploads\/JoseG.Vargas1.jpg\" rel=\"lightbox[1801]\"><img loading=\"lazy\" decoding=\"async\" class=\"alignleft size-full wp-image-1815\" title=\"JoseG.Vargas\" src=\"http:\/\/www.rsijournal.eu\/wp-content\/uploads\/JoseG.Vargas1.jpg\" alt=\"\" width=\"87\" height=\"86\" \/><\/a>Marketing and International Business<br \/>\nUniversity Center for Economic and Managerial Sciences, University of Guadalajara<\/strong><strong> Jal\u00f1isco\u00a0 Mexico <\/strong><\/p>\n<p><strong>Member of the National System of Researchers of M\u00e9xico<\/strong><strong><\/strong><\/p>\n<p>His most recent working papers are:<\/p>\n<ul>\n<li>Pablo Adri\u00e1n Maga\u00f1a S\u00e1nchez &amp; Jos\u00e9 G. Vargas Hern\u00e1ndez &amp; Mario de Jes\u00fas Naranjo Gonz\u00e1lez &amp; Felipe de Jes\u00fas Sandoval Araiza, 2010. &#8220;<a href=\"http:\/\/ideas.repec.org\/p\/col\/000418\/008791.html\">Los factores de competitividad de las MIPYMES agroindustriales del lim\u00f3n mexicano en Colima, M\u00e9xico<\/a>,&#8221; <a href=\"http:\/\/ideas.repec.org\/s\/col\/000418.html\">Ensayos de Econom\u00c3\u00ada<\/a> 008791, UNIVERSIDAD NACIONAL DE COLOMBIA SEDE MEDELLIN.<\/li>\n<li>Jos\u00e9 Vargas-Hern\u00e1ndez, 2010. &#8220;<a href=\"http:\/\/ideas.repec.org\/p\/hal\/journl\/halshs-00503171.html\">Las maquiladores en Centroam\u00e9rica. (Axe II, Symposium 6)<\/a>,&#8221; <a href=\"http:\/\/ideas.repec.org\/s\/hal\/journl.html\">Post-Print<\/a> halshs-00503171, HAL.<\/li>\n<li>Jos\u00e9 Guadalupe Vargas Hern\u00e1ndez, 2006. &#8220;<a href=\"http:\/\/ideas.repec.org\/p\/hal\/journl\/halshs-00103434.html\">La transferencia de la gobernabilidad del Estado Naci\u00f3n a la gobernabilidad econ\u00f3mica global corporativa<\/a>,&#8221; <a href=\"http:\/\/ideas.repec.org\/s\/hal\/journl.html\">Post-Print<\/a> halshs-00103434, HAL<\/li>\n<\/ul>\n<p>His most recent articles are:<\/p>\n<ul>\n<li>Jose G. Vargas-Hernandez, 2012. &#8220;<a href=\"http:\/\/ideas.repec.org\/a\/ods\/journl\/v1y2012i1p30-37.html\">Strategic mergers and acquisitions of Mexican emerging multinationals<\/a>,&#8221; <a href=\"http:\/\/ideas.repec.org\/s\/ods\/journl.html\">Journal of Applied Management and Investments<\/a>, Department of Management and Finance, Odessa National Academy of Food Technologies, vol. 1(1), pages 30-37.<\/li>\n<li>Cristina Martinez\u2010Fernandez &amp; Chung Tong Wu &amp; Laura K. Schatz &amp; Nobuhisa Taira &amp; Jos\u00e9 G. Vargas\u2010Hern\u00e1ndez, 2012. &#8220;<a href=\"http:\/\/ideas.repec.org\/a\/bla\/ijurrs\/v36y2012i2p245-260.html\">The Shrinking Mining City: Urban Dynamics and Contested Territory<\/a>,&#8221; <a href=\"http:\/\/ideas.repec.org\/s\/bla\/ijurrs.html\">International Journal of Urban and Regional Research<\/a>, Wiley Blackwell, vol. 36(2), pages 245-260, 03.<\/li>\n<li>Jos\u00e9 G. Vargas Hern\u00e1ndez, 2011. &#8220;<a href=\"http:\/\/ideas.repec.org\/a\/erv\/tecsis\/y2011i117.html\">Desarrollo Ambiental Y Econ\u00f3mico Para La Sustentabilidad Organizacional: El Caso De Microempresas En San Sebasti\u00e1n Del Sur<\/a>,&#8221; <a href=\"http:\/\/ideas.repec.org\/s\/erv\/tecsis.html\">Tecsistecatl<\/a>, Grupo Eumed.net (Universidad de M\u00e1laga), issue 11, December.<\/li>\n<li>Jos\u00e9 G. VARGAS-HERN\u00c1NDEZ &amp; Arturo GARC\u00cdASANTILL\u00c1N, 2011. &#8220;<a href=\"http:\/\/ideas.repec.org\/a\/spp\/jkmeit\/1214.html\">Management in the Innovation Project<\/a>,&#8221; <a href=\"http:\/\/ideas.repec.org\/s\/spp\/jkmeit.html\">Journal of Knowledge Management, Economics and Information Technology<\/a>, ScientificPapers.org, vol. 1(7), pages 24, December.<\/li>\n<\/ul>\n<p><strong>By Vasiliki Vamvaka, University of Central Greece<\/strong><\/p>\n","protected":false},"excerpt":{"rendered":"<p>Marketing and International Business University Center for Economic and Managerial Sciences, University of Guadalajara Jal\u00f1isco\u00a0 Mexico Member of the National System of Researchers of M\u00e9xico His most recent working papers are: Pablo Adri\u00e1n Maga\u00f1a S\u00e1nchez &amp; Jos\u00e9 G. Vargas Hern\u00e1ndez &amp; Mario de Jes\u00fas Naranjo Gonz\u00e1lez &amp; Felipe de Jes\u00fas Sandoval Araiza, 2010. &#8220;Los factores&hellip;<\/p>\n","protected":false},"author":1,"featured_media":0,"parent":640,"menu_order":0,"comment_status":"closed","ping_status":"closed","template":"","meta":{"footnotes":""},"class_list":["post-1801","page","type-page","status-publish","hentry"],"_links":{"self":[{"href":"https:\/\/rsijournal.eu\/index.php?rest_route=\/wp\/v2\/pages\/1801","targetHints":{"allow":["GET"]}}],"collection":[{"href":"https:\/\/rsijournal.eu\/index.php?rest_route=\/wp\/v2\/pages"}],"about":[{"href":"https:\/\/rsijournal.eu\/index.php?rest_route=\/wp\/v2\/types\/page"}],"author":[{"embeddable":true,"href":"https:\/\/rsijournal.eu\/index.php?rest_route=\/wp\/v2\/users\/1"}],"replies":[{"embeddable":true,"href":"https:\/\/rsijournal.eu\/index.php?rest_route=%2Fwp%2Fv2%2Fcomments&post=1801"}],"version-history":[{"count":7,"href":"https:\/\/rsijournal.eu\/index.php?rest_route=\/wp\/v2\/pages\/1801\/revisions"}],"predecessor-version":[{"id":1818,"href":"https:\/\/rsijournal.eu\/index.php?rest_route=\/wp\/v2\/pages\/1801\/revisions\/1818"}],"up":[{"embeddable":true,"href":"https:\/\/rsijournal.eu\/index.php?rest_route=\/wp\/v2\/pages\/640"}],"wp:attachment":[{"href":"https:\/\/rsijournal.eu\/index.php?rest_route=%2Fwp%2Fv2%2Fmedia&parent=1801"}],"curies":[{"name":"wp","href":"https:\/\/api.w.org\/{rel}","templated":true}]}}