{"id":1787,"date":"2012-12-01T10:00:06","date_gmt":"2012-12-01T08:00:06","guid":{"rendered":"http:\/\/www.rsijournal.eu\/?page_id=1787"},"modified":"2012-12-01T10:02:09","modified_gmt":"2012-12-01T08:02:09","slug":"professor-francisco-jose-lopes-de-sousa-diniz","status":"publish","type":"page","link":"https:\/\/rsijournal.eu\/?page_id=1787","title":{"rendered":"Professor Francisco Jos\u00e9 Lopes de Sousa Diniz"},"content":{"rendered":"<p><strong><a href=\"http:\/\/www.rsijournal.eu\/wp-content\/uploads\/Sousa_Diniz.jpg\" rel=\"lightbox[1787]\"><img loading=\"lazy\" decoding=\"async\" class=\"alignleft size-full wp-image-1788\" title=\"Sousa_Diniz\" src=\"http:\/\/www.rsijournal.eu\/wp-content\/uploads\/Sousa_Diniz.jpg\" alt=\"\" width=\"99\" height=\"102\" \/><\/a>Francisco Jos\u00e9 Lopes de Sousa<\/strong> <strong>Diniz <\/strong>is a distinguished Associate Professor with Aggregation and Principal Investigator at the University of Tras-os-Montes and Alto Douro. He published 32 articles in peer reviewed journals and 38 papers in proceedings of events, has 15 book chapters and five books published. It has 98 items of technical production. He participated in 52 events abroad and 58 in Portugal. Guided four PhD theses supervised 19 dissertations and co-directed in one area of Economics and Management. Between 1986 and 2008 participated in 12 research projects, with 3 of these coordinated. Currently involved in three research projects, and one of these coordinates. Works in the area of Social Sciences with an emphasis in Economics and Management. In his professional activities interacted with 82 employees in co-authorship of scientific papers. In its curriculum DeG\u00f3is the most frequent terms in the context of scientific, technological and artistic-cultural are: Rural Development, Regional Development, Regional Development, Rural Development, Rural Tourism, Management, Tourism, Public Management, and Small and Medium Towns Small and medium-sized town.<\/p>\n<p>His most recent publications include:<\/p>\n<p>Recent Publications<\/p>\n<p>&#8220;Inova\u00e7\u00f5es do investimento em regi\u00f5es perif\u00e9ricas \u2013 Leader I ao<\/p>\n<p>Leader II nos A\u00e7ores e Madeira\u201d (Co-autoria com Fernanda Nogueira) in Perspectivas de Desenvolvimento para as Regi\u00f5es Mar\u00edtimas Actas do VII Encontro Nacional da APDR. (2000) vol I pp 65-79.<\/p>\n<p>&#8220;Da converg\u00eancia nacional \u00e0 diverg\u00eancia regional em Portugal na \u00faltima metade da d\u00e9cada de 90&#8221;. in 7\u00ba Congreso de Econom\u00eda Regional de Castilla-Le\u00f3n. Soria 23-25 de Novembro de 2000, pp 827-844.<\/p>\n<p>\u201cO papel das pequenas e m\u00e9dias cidades no contexto do modelo de<\/p>\n<p>desenvolvimento rural: uma primeira abordagem\u201d( Co-autoria com Alexandre Poeta; Patr\u00edcia Ant\u00f3nio e Concei\u00e7\u00e3o Silva) in Nova Economia e Desenvolvimento Regional Actas do IX Encontro Nacional da APDR. (2002).<\/p>\n<p>\u201cAn Essay on Definitions of Typologies for Less favoured areas \u2013 Two Portugueses Regions: Alto Tr\u00e1-os-Montes and Douro\u201d e, \u201c Rural Tourism in Local Ecnomies &#8211; Proportional Income and Emplyment Mutpipliers (The case of Douro Region)\u201d, electronic version of accepetd papers do XIII World Congress of IEA Lisboa,Centro Cultural de Bel\u00e9m, September 9-13, 2002.<\/p>\n<p>\u201cO N\u00edvel de Integra\u00e7\u00e3o Local das Empresas N\u00e3o Agr\u00edcolas: o caso de seis pequenas e m\u00e9dias cidades portuguesas \u2013 uma abordagem<\/p>\n<p>sectorial\u201d, Revista Portuguesa de Estudos Regionais, n\u00ba 6, 2004, pp. 45-63, ISSN 1645-586X.<\/p>\n<p>\u201cNon-farm Businesses Local Economic Integration Level: The Case of Six Portuguese Small and M\u00e9dium-sized Marketowns a Sectoral Approach\u201d, Revista Portuguesa de Estudos Regionais, n\u00ba 6, 2004, pp. 145-162, ISSN 1645-586X.<\/p>\n<p>\u201cGlobaliza\u00e7\u00e3o, Regi\u00f5es Fronteiri\u00e7as e Emprego\u201d, Episteme, Ano V, 2004, n\u00bas. 13-14, pp. 173-188.<\/p>\n<p>Books and Chapter of a Book<\/p>\n<table cellspacing=\"0\" cellpadding=\"0\" align=\"left\">\n<tbody>\n<tr>\n<td align=\"left\" valign=\"top\">&#8220;Desenvolvimento Rural,   que Perspectivas? &#8211; O Caso do Alto Tr\u00e1s-os-Montes e Douro&#8221;.,   Serie Monografias y Estudios. Editor: Funda\u00e7\u00e3o Rei Afonso Henriques, Zamora, 1999, 252 pp,   ISBN 972-98191-0-6.<\/td>\n<\/tr>\n<\/tbody>\n<\/table>\n<p>De LEADER I au LEADER II: le cas de Tr\u00e1s-os-Montes. (1998). (Coautoria com Alexandre Poeta e Fernanda Nogueira), L\u2019 Europe vert \u2013 Les, Les acteures r\u00e9gionaux des politiques communautaires agricoles et rurales Collection Les Colloques 94 Lyon (France) 23 Octobre 1998 INRA Editions, Paris 2000, ISBN 2-7380-0938-7 r\u00e9f., pp 347-357.<\/p>\n<p>&#8220;A Problem\u00e1tica do Desenvolvimento Rural\u201d. (Co-autoria com Chris Gerry). Cap\u00edtulo 14 do Comp\u00eandio Economia Regional editado pela APDR sobre a coordena\u00e7\u00e3o do Prof. Doutor Jos\u00e9 Silva Costa, Coimbra, Junho d e 2002, ISBN: 972 \u2013 98803 \u2013 1 \u2013 X, pp. 535-570.<\/p>\n<p>\u201cDesenvolvimento rural: da mudan\u00e7a de um status quo ao status quo da mudan\u00e7a\u201d. in Colectividades Territoriais: Desafios e Perspectivas. Livro de Homenagem ao Prof. Doutor Felisberto Marques Reigado.<\/p>\n<p>Research:<\/p>\n<p>Synergetic Pluriactivity &#8211; The Development of Agrotourism And Related Activities As An Adjustment to Rural Areas, financiado pela Comiss\u00e3o das Comunidades, coordenado pela Universidade de Aberdeen, UK e em que participaram tamb\u00e9m o Institut d\u2019Etudes Politiques, Grenoble, Fran\u00e7a. 1 de Janeiro de 1993 at\u00e9 31 de Dezembro de 1995.<\/p>\n<p>Politiques Communautaires et Politiques R\u00e9gionales: Les acteurs R\u00e9gionaux des Politiques Agricoles et Rurales, projecto de investiga\u00e7\u00e3o no \u00e2mbito do programa comunit\u00e1rio FAIR,<\/p>\n<p>coordenado pelo INRA de Grenoble &#8211; Fran\u00e7a e em que participam, para al\u00e9m de outras institui\u00e7\u00f5es Francesas, equipas de Universidades de Espanha, It\u00e1lia, Alemanha e Gr\u00e9cia. Participou. 1 de Fevereiro de 1997 a 31 de Dezembro de 1998.<\/p>\n<p>The Role of Small and Medium-Sized  Towns in Rural Development (MARKETOWNS), projecto de investiga\u00e7\u00e3o financiado pelo Fifth<\/p>\n<p>Framework Programme of the European Commission. A coordena\u00e7\u00e3o<\/p>\n<p>do projecto est\u00e1 a cargo da Universidade de Reading (UK) e participam, para al\u00e9m da UTAD e de outras Universidades do Reino Unido, equipas de Universidades de Fran\u00e7a, Pa\u00edses Baixos e Pol\u00f3nia. Coordena\u00e7\u00e3o da equipa Portuguesa. 1 de Setembro de 2001  a 1 de Setembro de 2004.<\/p>\n<p>Estudo de Avalia\u00e7\u00e3o Estrat\u00e9gica da Ac\u00e7\u00e3o Integrada de Base Territorial do Douro. Este projecto foi financiado pelo Programa Operacional do Norte. Novembro de 2002 a Janeiro de 2003.<\/p>\n<p><strong>By Antonia P. Obaidou, Aristotle University of Thessaloniki, Greece<\/strong><\/p>\n","protected":false},"excerpt":{"rendered":"<p>Francisco Jos\u00e9 Lopes de Sousa Diniz is a distinguished Associate Professor with Aggregation and Principal Investigator at the University of Tras-os-Montes and Alto Douro. He published 32 articles in peer reviewed journals and 38 papers in proceedings of events, has 15 book chapters and five books published. It has 98 items of technical production. He&hellip;<\/p>\n","protected":false},"author":1,"featured_media":0,"parent":640,"menu_order":0,"comment_status":"closed","ping_status":"closed","template":"","meta":{"footnotes":""},"class_list":["post-1787","page","type-page","status-publish","hentry"],"_links":{"self":[{"href":"https:\/\/rsijournal.eu\/index.php?rest_route=\/wp\/v2\/pages\/1787","targetHints":{"allow":["GET"]}}],"collection":[{"href":"https:\/\/rsijournal.eu\/index.php?rest_route=\/wp\/v2\/pages"}],"about":[{"href":"https:\/\/rsijournal.eu\/index.php?rest_route=\/wp\/v2\/types\/page"}],"author":[{"embeddable":true,"href":"https:\/\/rsijournal.eu\/index.php?rest_route=\/wp\/v2\/users\/1"}],"replies":[{"embeddable":true,"href":"https:\/\/rsijournal.eu\/index.php?rest_route=%2Fwp%2Fv2%2Fcomments&post=1787"}],"version-history":[{"count":3,"href":"https:\/\/rsijournal.eu\/index.php?rest_route=\/wp\/v2\/pages\/1787\/revisions"}],"predecessor-version":[{"id":1791,"href":"https:\/\/rsijournal.eu\/index.php?rest_route=\/wp\/v2\/pages\/1787\/revisions\/1791"}],"up":[{"embeddable":true,"href":"https:\/\/rsijournal.eu\/index.php?rest_route=\/wp\/v2\/pages\/640"}],"wp:attachment":[{"href":"https:\/\/rsijournal.eu\/index.php?rest_route=%2Fwp%2Fv2%2Fmedia&parent=1787"}],"curies":[{"name":"wp","href":"https:\/\/api.w.org\/{rel}","templated":true}]}}