{"id":1781,"date":"2012-12-01T09:55:30","date_gmt":"2012-12-01T07:55:30","guid":{"rendered":"http:\/\/www.rsijournal.eu\/?page_id=1781"},"modified":"2012-12-01T09:55:30","modified_gmt":"2012-12-01T07:55:30","slug":"professor-roberta-capello","status":"publish","type":"page","link":"https:\/\/rsijournal.eu\/?page_id=1781","title":{"rendered":"Professor Roberta Capello"},"content":{"rendered":"<table cellspacing=\"0\" cellpadding=\"0\" align=\"left\">\n<tbody>\n<tr>\n<td align=\"left\" valign=\"top\"><strong><a href=\"http:\/\/www.rsijournal.eu\/wp-content\/uploads\/Roberta_Capello.jpg\" rel=\"lightbox[1781]\"><img loading=\"lazy\" decoding=\"async\" class=\"alignleft size-full wp-image-1782\" title=\"Roberta_Capello\" src=\"http:\/\/www.rsijournal.eu\/wp-content\/uploads\/Roberta_Capello.jpg\" alt=\"\" width=\"103\" height=\"102\" \/><\/a>Roberta Capello<\/strong> is Full professor of   Regional Economics at Politecnico of Milan, Faculty of Building Engineering   and President of the RSAI (Regional Science Association International). Her first   degree was in Economics at Universit\u00e0 Commerciale Luigi Bocconi, Milan, Italy.   Ph.D. in Economics, Free University   of Amsterdam, The Netherlands. She\u2019s Editor in   chief of the Italian Journal of Regional Science. Co-Editor of Letters in   Spatial and Resource Science, Springer Verlag, Berlin. She\u2019s also member of the European   Organizing Committee and Treasurer of the European Regional Science   Association (ERSA) (2000-2006) and member of the Coordination Committee of   the Italian Section of the Regional Science Association. National Secretary   of the Italian Section of the International Regional Science Association,   1995-98.<\/p>\n<p>In   her long research career she has focused in particular on regional growth and   regional economics. She\u2019s additional Member of the editorial board of the   Annals of Regional Science and of the Revue d\u2019Economie R\u00e9gionale et Urbaine   and Author of a textbook in Regional Economics, published in Italian (Il   Mulino, 2004), and in English (Routledge, 2007).<\/p>\n<p>Her   most recent publications include (2000-2009):<\/p>\n<p>\u25aa   Capello R. and Spairani A. (2006), \u201cAccessibility and regional growth in Europe. The role of ICTs policies\u201d, in Vertova G.   (ed.), The Changing Economic Geography of Globalization, Routledge, London, pp. 192-215<\/p>\n<p>\u25aa   Camagni R. and Capello R. (2006), \u201cAn Ex-ante Evaluation of An Urban Project   Through Property Value Increases: A Hedonic Price Approach\u201d, in Reggiani A.   and Nijkamp P. (eds.), Spatial Dynamics and Modelling, Edward Elgar, pp.   445-486<\/p>\n<p>\u25aa   Capello R. (2006), Knowledge and Accessibility for Regional Cohesion in the   Enlarged Europe, special issue of Scienze Regional \u2013 Italian Journal of   Regional Science, Franco Angeli, Milan<\/p>\n<p>\u25aa   Capello R. and Spairani A. (2006), \u201cTerritorial Impact of European   Telecommunications Policy\u201d, Scienze Regionali, vol. 5, n. 2, pp. 89-110<\/p>\n<p>\u25aa   Capello R. (2006), \u201cLa Econom\u00eda Regional tras cincuenta a\u00f1os: desarrollos   te\u00f3ricos recientes y desaf\u00edos futuros\u201d, Investigationes Regionales, n. 9, pp.   171-194<\/p>\n<p>\u25aa   Capello R. (2007), \u201cLocal Patterns of Growth in a Global Perspective: a   Territorial Scenario for an Integrated Europe\u201d, in Johansson I.   (ed.), Entrepreneurship and Development \u2013 Local processes and Global   Patterns, University West, Uddevalla, pp. 197-228<\/p>\n<p>\u25aa   Capello R. (2007), \u201cUrban Growth and City Networks: Empirical Evidence from   Italy and Europe\u201d, in Henckel D., Pahl-Weber E. and Herkommer B. (eds.),   Time, Space, Places, Peter Lang, Frankfurt am Main, pp. 99-122<\/p>\n<p>\u25aa   Capello R. (2007), Regional Economics, Routledge, Londra<\/p>\n<p>\u25aa   Capello R. (2007), \u201cSpatial Transfer of Knowledge in High-technology Milieux:   Learning vs. Collective Learning Processes\u201d, Regional Studies, Vol. 41, n.   S1, pp. S161-S174, 40th Anniversary Classic Papers Supplement<\/p>\n<p>\u25aa   Capello R. (2007), \u201cA Forecasting Territorial Model of Regional Growth: the   MASST Model\u201d, The Annals of Regional Science, Vol. 41, n. 4, pp. 753-787<\/p>\n<p>\u25aa   Capello R., Camagni R., Fratesi U. e Chizzolini B. (2008), Modelling Regional   Scenarios for an Enlarged Europe, Springer Verlag, Berlin<\/p>\n<p>\u25aa   Capello R. (2008), \u201cRegional Economics in Its 50s: Recent Theoretical   Directions and Future Challenges\u201d, The Annals of Regional Science, Vol. 42,   n. 1<\/p>\n<p>\u25aa   Capello R. and Spairani A. (2008), \u201cEx-ante Evaluation of European ICT   Policies: Efficiency vs. Cohesion Scenarios\u201d, International Journal of Public   Policy, Vol. 3, Nos.3\/4, pp. 261-281<\/p>\n<p>\u25aa   Camagni R. and Capello R. (2008), \u201cAn Ex-ante Evaluation of an Urban Project   through Property Value Increases: An Hedonic Price Approach\u201d, in Khakee A.,   Hull A., Miller D. and Woltjer J. (eds.) (2008), New Principles in Planning   Evaluation, Ashagate, Aldershot, pp. 103-137<\/p>\n<p>\u25aa   Camagni, R. and Capello, R. (2009), \u201cKnowledge-based Economy and Knowledge   Creation: the Role of Space\u201d, in Fratesi   U. and Senn L. (eds.) Growth and   Innovation of Competitive Regions: the Role of Internal and External Connections,   Springer, Berlin,   pp. 145-166<\/p>\n<p>\u25aa   Capello R. and Nijkamp P. (eds) (2009), Handbook of Regional Growth and   Development Theories, Edwar Elgar<\/p>\n<p>\u25aa   Capello R. (2009), \u201cSpace, Growth and Development\u201d, in Capello R. and Nijkamp   P. (eds), Handbook of Regional Growth and Development Theories, Edwar Elgar,   pp. 33-52<\/p>\n<p>\u25aa   Capello R. and Fratesi    U. (2009) \u201cModelling   European Regional Scenarios: Aggressive versus Defensive Competitive   Strategies\u201d, Environment and Planning A, vol. 41(2) pp. 481 \u00ad 504<\/p>\n<p>\u25aa   Capello R. (2009), \u201cIndivisibilities, Synergy and Proximity: The Need for an   Integrated Approach to Agglomeration Economies\u201d, Tijdschrift voor Economische   en Sociale Geographie (TESG), vol. 100, n. 2, pp. 145-159<\/p>\n<p>\u25aa   Capello R. (2009), \u201cSpatial Spillovers and Regional Growth\u201d, European   Planning Studies, Vol. 17, n. 5, pp. 639-658.<\/p>\n<p><strong>By Antonia P. Obaidou, Aristotle University   of Thessaloniki, Greece <\/strong><\/td>\n<\/tr>\n<\/tbody>\n<\/table>\n","protected":false},"excerpt":{"rendered":"<p>Roberta Capello is Full professor of Regional Economics at Politecnico of Milan, Faculty of Building Engineering and President of the RSAI (Regional Science Association International). Her first degree was in Economics at Universit\u00e0 Commerciale Luigi Bocconi, Milan, Italy. Ph.D. in Economics, Free University of Amsterdam, The Netherlands. She\u2019s Editor in chief of the Italian Journal&hellip;<\/p>\n","protected":false},"author":1,"featured_media":0,"parent":640,"menu_order":0,"comment_status":"closed","ping_status":"closed","template":"","meta":{"footnotes":""},"class_list":["post-1781","page","type-page","status-publish","hentry"],"_links":{"self":[{"href":"https:\/\/rsijournal.eu\/index.php?rest_route=\/wp\/v2\/pages\/1781","targetHints":{"allow":["GET"]}}],"collection":[{"href":"https:\/\/rsijournal.eu\/index.php?rest_route=\/wp\/v2\/pages"}],"about":[{"href":"https:\/\/rsijournal.eu\/index.php?rest_route=\/wp\/v2\/types\/page"}],"author":[{"embeddable":true,"href":"https:\/\/rsijournal.eu\/index.php?rest_route=\/wp\/v2\/users\/1"}],"replies":[{"embeddable":true,"href":"https:\/\/rsijournal.eu\/index.php?rest_route=%2Fwp%2Fv2%2Fcomments&post=1781"}],"version-history":[{"count":2,"href":"https:\/\/rsijournal.eu\/index.php?rest_route=\/wp\/v2\/pages\/1781\/revisions"}],"predecessor-version":[{"id":1785,"href":"https:\/\/rsijournal.eu\/index.php?rest_route=\/wp\/v2\/pages\/1781\/revisions\/1785"}],"up":[{"embeddable":true,"href":"https:\/\/rsijournal.eu\/index.php?rest_route=\/wp\/v2\/pages\/640"}],"wp:attachment":[{"href":"https:\/\/rsijournal.eu\/index.php?rest_route=%2Fwp%2Fv2%2Fmedia&parent=1781"}],"curies":[{"name":"wp","href":"https:\/\/api.w.org\/{rel}","templated":true}]}}